{"id":2244,"date":"2023-01-23T10:25:09","date_gmt":"2023-01-23T10:25:09","guid":{"rendered":"https:\/\/iconnectchildrenfamily.com\/acerca-de-2\/"},"modified":"2026-02-14T17:27:29","modified_gmt":"2026-02-14T17:27:29","slug":"acerca-de-2","status":"publish","type":"page","link":"https:\/\/iconnectchildrenfamily.com\/es\/acerca-de-2\/","title":{"rendered":"Acerca de"},"content":{"rendered":"\t\t<div data-elementor-type=\"wp-page\" data-elementor-id=\"2244\" class=\"elementor elementor-2244 elementor-2240\" data-elementor-post-type=\"page\">\n\t\t\t\t\t\t<section class=\"elementor-section elementor-top-section elementor-element elementor-element-38f125ad elementor-section-boxed elementor-section-height-default elementor-section-height-default\" data-id=\"38f125ad\" data-element_type=\"section\" data-e-type=\"section\" data-settings=\"{&quot;background_background&quot;:&quot;classic&quot;}\">\n\t\t\t\t\t\t\t<div class=\"elementor-background-overlay\"><\/div>\n\t\t\t\t\t\t\t<div class=\"elementor-container elementor-column-gap-default\">\n\t\t\t\t\t<div class=\"elementor-column elementor-col-100 elementor-top-column elementor-element elementor-element-861bc53\" data-id=\"861bc53\" data-element_type=\"column\" data-e-type=\"column\">\n\t\t\t<div class=\"elementor-widget-wrap\">\n\t\t\t\t\t\t\t<\/div>\n\t\t<\/div>\n\t\t\t\t\t<\/div>\n\t\t<\/section>\n\t\t\t\t<section class=\"elementor-section elementor-top-section elementor-element elementor-element-43ad45b3 elementor-section-boxed elementor-section-height-default elementor-section-height-default\" data-id=\"43ad45b3\" data-element_type=\"section\" data-e-type=\"section\">\n\t\t\t\t\t\t<div class=\"elementor-container elementor-column-gap-default\">\n\t\t\t\t\t<div class=\"elementor-column elementor-col-50 elementor-top-column elementor-element elementor-element-79513cad\" data-id=\"79513cad\" data-element_type=\"column\" data-e-type=\"column\">\n\t\t\t<div class=\"elementor-widget-wrap elementor-element-populated\">\n\t\t\t\t\t\t<div class=\"elementor-element elementor-element-347015a4 elementor-invisible elementor-widget elementor-widget-heading\" data-id=\"347015a4\" data-element_type=\"widget\" data-e-type=\"widget\" data-settings=\"{&quot;_animation&quot;:&quot;slideInDown&quot;}\" data-widget_type=\"heading.default\">\n\t\t\t\t<div class=\"elementor-widget-container\">\n\t\t\t\t\t<h2 class=\"elementor-heading-title elementor-size-default\">Nuestra misi\u00f3n<\/h2>\t\t\t\t<\/div>\n\t\t\t\t<\/div>\n\t\t\t\t<div class=\"elementor-element elementor-element-47f8b09 elementor-invisible elementor-widget elementor-widget-text-editor\" data-id=\"47f8b09\" data-element_type=\"widget\" data-e-type=\"widget\" data-settings=\"{&quot;_animation&quot;:&quot;slideInLeft&quot;}\" data-widget_type=\"text-editor.default\">\n\t\t\t\t<div class=\"elementor-widget-container\">\n\t\t\t\t\t\t\t\t\t<p>Nuestra misi\u00f3n es ayudar y unir econ\u00f3micamente a las familias desestructuradas, socialmente para que vuelvan a creer en su futuro que desesperaron, so\u00f1aron y creyeron. Da voz a los menos afortunados que no tienen acceso a una educaci\u00f3n superior para que puedan ejercer su libertad y decir lo que piensan libremente. Ap\u00f3yalos y hazles sentir que forman parte de la sociedad como derechos que Dios les ha dado. Debemos promover la cultura haitiana, la cocina criolla globalmente como crisoles multiculturales. Proporcionaremos todas las herramientas necesarias a los ni\u00f1os, trabajaremos con los adultos a trav\u00e9s de sus talentos, as\u00ed como apoyaremos y ayudaremos a los j\u00f3venes y se\u00f1oritas en crecimiento para que tengan un futuro mejor&#8230;<\/p>\t\t\t\t\t\t\t\t<\/div>\n\t\t\t\t<\/div>\n\t\t\t\t\t<\/div>\n\t\t<\/div>\n\t\t\t\t<div class=\"elementor-column elementor-col-50 elementor-top-column elementor-element elementor-element-41b489f\" data-id=\"41b489f\" data-element_type=\"column\" data-e-type=\"column\">\n\t\t\t<div class=\"elementor-widget-wrap elementor-element-populated\">\n\t\t\t\t\t\t<div class=\"elementor-element elementor-element-27f6fb3b elementor-invisible elementor-widget elementor-widget-image\" data-id=\"27f6fb3b\" data-element_type=\"widget\" data-e-type=\"widget\" data-settings=\"{&quot;_animation&quot;:&quot;slideInRight&quot;}\" data-widget_type=\"image.default\">\n\t\t\t\t<div class=\"elementor-widget-container\">\n\t\t\t\t\t\t\t\t\t\t\t\t\t\t\t<img fetchpriority=\"high\" decoding=\"async\" width=\"849\" height=\"565\" src=\"https:\/\/iconnectchildrenfamily.com\/wp-content\/uploads\/2022\/08\/3.jpg\" class=\"attachment-large size-large wp-image-1616\" alt=\"\" srcset=\"https:\/\/iconnectchildrenfamily.com\/wp-content\/uploads\/2022\/08\/3.jpg 849w, https:\/\/iconnectchildrenfamily.com\/wp-content\/uploads\/2022\/08\/3-300x200.jpg 300w, https:\/\/iconnectchildrenfamily.com\/wp-content\/uploads\/2022\/08\/3-768x511.jpg 768w, https:\/\/iconnectchildrenfamily.com\/wp-content\/uploads\/2022\/08\/3-806x536.jpg 806w, https:\/\/iconnectchildrenfamily.com\/wp-content\/uploads\/2022\/08\/3-558x371.jpg 558w, https:\/\/iconnectchildrenfamily.com\/wp-content\/uploads\/2022\/08\/3-655x436.jpg 655w\" sizes=\"(max-width: 849px) 100vw, 849px\" \/>\t\t\t\t\t\t\t\t\t\t\t\t\t\t\t<\/div>\n\t\t\t\t<\/div>\n\t\t\t\t\t<\/div>\n\t\t<\/div>\n\t\t\t\t\t<\/div>\n\t\t<\/section>\n\t\t\t\t<section class=\"elementor-section elementor-top-section elementor-element elementor-element-3f1d6500 elementor-section-boxed elementor-section-height-default elementor-section-height-default\" data-id=\"3f1d6500\" data-element_type=\"section\" data-e-type=\"section\">\n\t\t\t\t\t\t<div class=\"elementor-container elementor-column-gap-default\">\n\t\t\t\t\t<div class=\"elementor-column elementor-col-50 elementor-top-column elementor-element elementor-element-5c114de1\" data-id=\"5c114de1\" data-element_type=\"column\" data-e-type=\"column\">\n\t\t\t<div class=\"elementor-widget-wrap elementor-element-populated\">\n\t\t\t\t\t\t<div class=\"elementor-element elementor-element-41724e6b elementor-invisible elementor-widget elementor-widget-image\" data-id=\"41724e6b\" data-element_type=\"widget\" data-e-type=\"widget\" data-settings=\"{&quot;_animation&quot;:&quot;slideInLeft&quot;}\" data-widget_type=\"image.default\">\n\t\t\t\t<div class=\"elementor-widget-container\">\n\t\t\t\t\t\t\t\t\t\t\t\t\t\t\t<img decoding=\"async\" width=\"945\" height=\"629\" src=\"https:\/\/iconnectchildrenfamily.com\/wp-content\/uploads\/2022\/08\/8-1024x682.jpg\" class=\"attachment-large size-large wp-image-1623\" alt=\"\" srcset=\"https:\/\/iconnectchildrenfamily.com\/wp-content\/uploads\/2022\/08\/8-1024x682.jpg 1024w, https:\/\/iconnectchildrenfamily.com\/wp-content\/uploads\/2022\/08\/8-300x200.jpg 300w, https:\/\/iconnectchildrenfamily.com\/wp-content\/uploads\/2022\/08\/8-768x512.jpg 768w, https:\/\/iconnectchildrenfamily.com\/wp-content\/uploads\/2022\/08\/8-1116x744.jpg 1116w, https:\/\/iconnectchildrenfamily.com\/wp-content\/uploads\/2022\/08\/8-806x537.jpg 806w, https:\/\/iconnectchildrenfamily.com\/wp-content\/uploads\/2022\/08\/8-558x372.jpg 558w, https:\/\/iconnectchildrenfamily.com\/wp-content\/uploads\/2022\/08\/8-655x437.jpg 655w, https:\/\/iconnectchildrenfamily.com\/wp-content\/uploads\/2022\/08\/8.jpg 1400w\" sizes=\"(max-width: 945px) 100vw, 945px\" \/>\t\t\t\t\t\t\t\t\t\t\t\t\t\t\t<\/div>\n\t\t\t\t<\/div>\n\t\t\t\t\t<\/div>\n\t\t<\/div>\n\t\t\t\t<div class=\"elementor-column elementor-col-50 elementor-top-column elementor-element elementor-element-6fa16061\" data-id=\"6fa16061\" data-element_type=\"column\" data-e-type=\"column\">\n\t\t\t<div class=\"elementor-widget-wrap elementor-element-populated\">\n\t\t\t\t\t\t<div class=\"elementor-element elementor-element-67afc528 elementor-invisible elementor-widget elementor-widget-heading\" data-id=\"67afc528\" data-element_type=\"widget\" data-e-type=\"widget\" data-settings=\"{&quot;_animation&quot;:&quot;slideInRight&quot;}\" data-widget_type=\"heading.default\">\n\t\t\t\t<div class=\"elementor-widget-container\">\n\t\t\t\t\t<h2 class=\"elementor-heading-title elementor-size-default\">Nuestra visi\u00f3n<\/h2>\t\t\t\t<\/div>\n\t\t\t\t<\/div>\n\t\t\t\t<div class=\"elementor-element elementor-element-65971f3a elementor-invisible elementor-widget elementor-widget-text-editor\" data-id=\"65971f3a\" data-element_type=\"widget\" data-e-type=\"widget\" data-settings=\"{&quot;_animation&quot;:&quot;slideInUp&quot;}\" data-widget_type=\"text-editor.default\">\n\t\t\t\t<div class=\"elementor-widget-container\">\n\t\t\t\t\t\t\t\t\t<p>&#8221; <strong>IConnect Children Family<\/strong> &#8221; es una megaempresa fundada sobre principios b\u00edblicos y oraciones. Creemos en el apoyo a la familia, creemos en el conocimiento porque viene de Dios, creemos en las relaciones fieles as\u00ed como en la interacci\u00f3n social. Creemos en la promoci\u00f3n de la cultura haitiana, la cocina criolla a nivel mundial como crisoles multiculturales. Estamos aqu\u00ed para apoyar a los ni\u00f1os, trabajar con los adultos a trav\u00e9s de sus talentos. Creemos en apoyar y ayudar a las j\u00f3venes en crecimiento y formarlas para un futuro mejor. Promovemos los negocios e invertimos en tecnolog\u00eda y creatividad. Nuestro mandato es prestar ayuda a nivel mundial a trav\u00e9s de nuestra fundaci\u00f3n, ayudando a familias en situaci\u00f3n de necesidad desesperada y, m\u00e1s concretamente, en cat\u00e1strofes naturales. Promovemos la excelencia y la perfecci\u00f3n del amor para Gloria de Dios.<\/p>\t\t\t\t\t\t\t\t<\/div>\n\t\t\t\t<\/div>\n\t\t\t\t\t<\/div>\n\t\t<\/div>\n\t\t\t\t\t<\/div>\n\t\t<\/section>\n\t\t\t\t<section class=\"elementor-section elementor-top-section elementor-element elementor-element-c26abda elementor-section-boxed elementor-section-height-default elementor-section-height-default\" data-id=\"c26abda\" data-element_type=\"section\" data-e-type=\"section\">\n\t\t\t\t\t\t<div class=\"elementor-container elementor-column-gap-default\">\n\t\t\t\t\t<div class=\"elementor-column elementor-col-50 elementor-top-column elementor-element elementor-element-73629dd\" data-id=\"73629dd\" data-element_type=\"column\" data-e-type=\"column\">\n\t\t\t<div class=\"elementor-widget-wrap elementor-element-populated\">\n\t\t\t\t\t\t<div class=\"elementor-element elementor-element-7aea8b9f elementor-invisible elementor-widget elementor-widget-heading\" data-id=\"7aea8b9f\" data-element_type=\"widget\" data-e-type=\"widget\" data-settings=\"{&quot;_animation&quot;:&quot;slideInLeft&quot;}\" data-widget_type=\"heading.default\">\n\t\t\t\t<div class=\"elementor-widget-container\">\n\t\t\t\t\t<h2 class=\"elementor-heading-title elementor-size-default\">Nuestros valores<\/h2>\t\t\t\t<\/div>\n\t\t\t\t<\/div>\n\t\t\t\t<div class=\"elementor-element elementor-element-3105dd92 elementor-invisible elementor-widget elementor-widget-text-editor\" data-id=\"3105dd92\" data-element_type=\"widget\" data-e-type=\"widget\" data-settings=\"{&quot;_animation&quot;:&quot;slideInUp&quot;}\" data-widget_type=\"text-editor.default\">\n\t\t\t\t<div class=\"elementor-widget-container\">\n\t\t\t\t\t\t\t\t\t<p>Nuestra gran familia de &#8221; <strong>I Connect Children Family<\/strong>&#8221; es una megaempresa que se basa en principios b\u00edblicos con fe y confianza para que las personas siempre sean lo primero. La confianza, la honradez, la integridad, el respeto, la profesionalidad, el valor y el amor son lo que hace que la empresa sea lo que somos ahora y eternamente. La sabidur\u00eda, la creatividad, el conocimiento y la inteligencia ayudar\u00e1n a traer entre nosotros a las mejores personas de todo el mundo en medio de nosotros, as\u00ed como la credibilidad que representa la verdad para todos globalmente.<\/p>\t\t\t\t\t\t\t\t<\/div>\n\t\t\t\t<\/div>\n\t\t\t\t\t<\/div>\n\t\t<\/div>\n\t\t\t\t<div class=\"elementor-column elementor-col-50 elementor-top-column elementor-element elementor-element-7f805947\" data-id=\"7f805947\" data-element_type=\"column\" data-e-type=\"column\">\n\t\t\t<div class=\"elementor-widget-wrap elementor-element-populated\">\n\t\t\t\t\t\t<div class=\"elementor-element elementor-element-75eff3e2 elementor-invisible elementor-widget elementor-widget-image\" data-id=\"75eff3e2\" data-element_type=\"widget\" data-e-type=\"widget\" data-settings=\"{&quot;_animation&quot;:&quot;slideInRight&quot;}\" data-widget_type=\"image.default\">\n\t\t\t\t<div class=\"elementor-widget-container\">\n\t\t\t\t\t\t\t\t\t\t\t\t\t\t\t<img decoding=\"async\" width=\"945\" height=\"628\" src=\"https:\/\/iconnectchildrenfamily.com\/wp-content\/uploads\/2022\/08\/cdc-UqTrGSohyCs-unsplash-1024x681.jpg\" class=\"attachment-large size-large wp-image-1598\" alt=\"\" srcset=\"https:\/\/iconnectchildrenfamily.com\/wp-content\/uploads\/2022\/08\/cdc-UqTrGSohyCs-unsplash-1024x681.jpg 1024w, https:\/\/iconnectchildrenfamily.com\/wp-content\/uploads\/2022\/08\/cdc-UqTrGSohyCs-unsplash-300x200.jpg 300w, https:\/\/iconnectchildrenfamily.com\/wp-content\/uploads\/2022\/08\/cdc-UqTrGSohyCs-unsplash-768x511.jpg 768w, https:\/\/iconnectchildrenfamily.com\/wp-content\/uploads\/2022\/08\/cdc-UqTrGSohyCs-unsplash-1536x1022.jpg 1536w, https:\/\/iconnectchildrenfamily.com\/wp-content\/uploads\/2022\/08\/cdc-UqTrGSohyCs-unsplash-2048x1363.jpg 2048w, https:\/\/iconnectchildrenfamily.com\/wp-content\/uploads\/2022\/08\/cdc-UqTrGSohyCs-unsplash-1612x1073.jpg 1612w, https:\/\/iconnectchildrenfamily.com\/wp-content\/uploads\/2022\/08\/cdc-UqTrGSohyCs-unsplash-1116x743.jpg 1116w, https:\/\/iconnectchildrenfamily.com\/wp-content\/uploads\/2022\/08\/cdc-UqTrGSohyCs-unsplash-806x536.jpg 806w, https:\/\/iconnectchildrenfamily.com\/wp-content\/uploads\/2022\/08\/cdc-UqTrGSohyCs-unsplash-558x371.jpg 558w, https:\/\/iconnectchildrenfamily.com\/wp-content\/uploads\/2022\/08\/cdc-UqTrGSohyCs-unsplash-655x436.jpg 655w\" sizes=\"(max-width: 945px) 100vw, 945px\" \/>\t\t\t\t\t\t\t\t\t\t\t\t\t\t\t<\/div>\n\t\t\t\t<\/div>\n\t\t\t\t\t<\/div>\n\t\t<\/div>\n\t\t\t\t\t<\/div>\n\t\t<\/section>\n\t\t\t\t<section class=\"elementor-section elementor-top-section elementor-element elementor-element-14196e2d elementor-section-boxed elementor-section-height-default elementor-section-height-default\" data-id=\"14196e2d\" data-element_type=\"section\" data-e-type=\"section\">\n\t\t\t\t\t\t<div class=\"elementor-container elementor-column-gap-default\">\n\t\t\t\t\t<div class=\"elementor-column elementor-col-100 elementor-top-column elementor-element elementor-element-f04a679\" data-id=\"f04a679\" data-element_type=\"column\" data-e-type=\"column\">\n\t\t\t<div class=\"elementor-widget-wrap\">\n\t\t\t\t\t\t\t<\/div>\n\t\t<\/div>\n\t\t\t\t\t<\/div>\n\t\t<\/section>\n\t\t\t\t<\/div>\n\t\t","protected":false},"excerpt":{"rendered":"<p>Nuestra misi\u00f3n Nuestra misi\u00f3n es ayudar y unir econ\u00f3micamente a las familias desestructuradas, socialmente para que vuelvan a creer en su futuro que desesperaron, so\u00f1aron y creyeron. Da voz a los menos afortunados que no tienen acceso a una educaci\u00f3n superior para que puedan ejercer su libertad y decir lo que piensan libremente. Ap\u00f3yalos y&hellip;<\/p>\n","protected":false},"author":1,"featured_media":0,"parent":0,"menu_order":0,"comment_status":"closed","ping_status":"closed","template":"","meta":{"_acf_changed":false,"nf_dc_page":"","footnotes":""},"class_list":["post-2244","page","type-page","status-publish","hentry"],"acf":[],"_links":{"self":[{"href":"https:\/\/iconnectchildrenfamily.com\/es\/wp-json\/wp\/v2\/pages\/2244","targetHints":{"allow":["GET"]}}],"collection":[{"href":"https:\/\/iconnectchildrenfamily.com\/es\/wp-json\/wp\/v2\/pages"}],"about":[{"href":"https:\/\/iconnectchildrenfamily.com\/es\/wp-json\/wp\/v2\/types\/page"}],"author":[{"embeddable":true,"href":"https:\/\/iconnectchildrenfamily.com\/es\/wp-json\/wp\/v2\/users\/1"}],"replies":[{"embeddable":true,"href":"https:\/\/iconnectchildrenfamily.com\/es\/wp-json\/wp\/v2\/comments?post=2244"}],"version-history":[{"count":6,"href":"https:\/\/iconnectchildrenfamily.com\/es\/wp-json\/wp\/v2\/pages\/2244\/revisions"}],"predecessor-version":[{"id":6239,"href":"https:\/\/iconnectchildrenfamily.com\/es\/wp-json\/wp\/v2\/pages\/2244\/revisions\/6239"}],"wp:attachment":[{"href":"https:\/\/iconnectchildrenfamily.com\/es\/wp-json\/wp\/v2\/media?parent=2244"}],"curies":[{"name":"wp","href":"https:\/\/api.w.org\/{rel}","templated":true}]}}