{"id":2242,"date":"2023-01-23T10:25:09","date_gmt":"2023-01-23T10:25:09","guid":{"rendered":"https:\/\/iconnectchildrenfamily.com\/a-propos-de-2\/"},"modified":"2026-02-14T17:27:29","modified_gmt":"2026-02-14T17:27:29","slug":"a-propos-de-2","status":"publish","type":"page","link":"https:\/\/iconnectchildrenfamily.com\/fr\/a-propos-de-2\/","title":{"rendered":"\u00c0 propos de"},"content":{"rendered":"\t\t<div data-elementor-type=\"wp-page\" data-elementor-id=\"2242\" class=\"elementor elementor-2242 elementor-2240\" data-elementor-post-type=\"page\">\n\t\t\t\t\t\t<section class=\"elementor-section elementor-top-section elementor-element elementor-element-38f125ad elementor-section-boxed elementor-section-height-default elementor-section-height-default\" data-id=\"38f125ad\" data-element_type=\"section\" data-e-type=\"section\" data-settings=\"{&quot;background_background&quot;:&quot;classic&quot;}\">\n\t\t\t\t\t\t\t<div class=\"elementor-background-overlay\"><\/div>\n\t\t\t\t\t\t\t<div class=\"elementor-container elementor-column-gap-default\">\n\t\t\t\t\t<div class=\"elementor-column elementor-col-100 elementor-top-column elementor-element elementor-element-861bc53\" data-id=\"861bc53\" data-element_type=\"column\" data-e-type=\"column\">\n\t\t\t<div class=\"elementor-widget-wrap\">\n\t\t\t\t\t\t\t<\/div>\n\t\t<\/div>\n\t\t\t\t\t<\/div>\n\t\t<\/section>\n\t\t\t\t<section class=\"elementor-section elementor-top-section elementor-element elementor-element-43ad45b3 elementor-section-boxed elementor-section-height-default elementor-section-height-default\" data-id=\"43ad45b3\" data-element_type=\"section\" data-e-type=\"section\">\n\t\t\t\t\t\t<div class=\"elementor-container elementor-column-gap-default\">\n\t\t\t\t\t<div class=\"elementor-column elementor-col-50 elementor-top-column elementor-element elementor-element-79513cad\" data-id=\"79513cad\" data-element_type=\"column\" data-e-type=\"column\">\n\t\t\t<div class=\"elementor-widget-wrap elementor-element-populated\">\n\t\t\t\t\t\t<div class=\"elementor-element elementor-element-347015a4 elementor-invisible elementor-widget elementor-widget-heading\" data-id=\"347015a4\" data-element_type=\"widget\" data-e-type=\"widget\" data-settings=\"{&quot;_animation&quot;:&quot;slideInDown&quot;}\" data-widget_type=\"heading.default\">\n\t\t\t\t<div class=\"elementor-widget-container\">\n\t\t\t\t\t<h2 class=\"elementor-heading-title elementor-size-default\">Notre mission<\/h2>\t\t\t\t<\/div>\n\t\t\t\t<\/div>\n\t\t\t\t<div class=\"elementor-element elementor-element-47f8b09 elementor-invisible elementor-widget elementor-widget-text-editor\" data-id=\"47f8b09\" data-element_type=\"widget\" data-e-type=\"widget\" data-settings=\"{&quot;_animation&quot;:&quot;slideInLeft&quot;}\" data-widget_type=\"text-editor.default\">\n\t\t\t\t<div class=\"elementor-widget-container\">\n\t\t\t\t\t\t\t\t\t<p>Notre mission est d&#8217;aider et d&#8217;unir les familles bris\u00e9es financi\u00e8rement, socialement, pour qu&#8217;elles croient \u00e0 nouveau en leur avenir qu&#8217;elles ont d\u00e9sesp\u00e9r\u00e9, r\u00eav\u00e9 et cru. Donner la parole aux plus d\u00e9munis qui n&#8217;ont pas acc\u00e8s \u00e0 l&#8217;enseignement sup\u00e9rieur pour qu&#8217;ils puissent exercer leur libert\u00e9 et dire ce qu&#8217;ils pensent librement. Soutenez-les et faites-leur sentir qu&#8217;ils font partie de la soci\u00e9t\u00e9 en tant que droits donn\u00e9s par Dieu. Nous devons promouvoir la culture ha\u00eftienne, la cuisine cr\u00e9ole \u00e0 l&#8217;\u00e9chelle mondiale en tant que creuset multiculturel. Nous fournirons tous les outils n\u00e9cessaires aux enfants, nous travaillerons avec les adultes gr\u00e2ce \u00e0 leurs talents, et nous soutiendrons et aiderons les jeunes et les jeunes femmes en pleine croissance pour un avenir meilleur.<\/p>\t\t\t\t\t\t\t\t<\/div>\n\t\t\t\t<\/div>\n\t\t\t\t\t<\/div>\n\t\t<\/div>\n\t\t\t\t<div class=\"elementor-column elementor-col-50 elementor-top-column elementor-element elementor-element-41b489f\" data-id=\"41b489f\" data-element_type=\"column\" data-e-type=\"column\">\n\t\t\t<div class=\"elementor-widget-wrap elementor-element-populated\">\n\t\t\t\t\t\t<div class=\"elementor-element elementor-element-27f6fb3b elementor-invisible elementor-widget elementor-widget-image\" data-id=\"27f6fb3b\" data-element_type=\"widget\" data-e-type=\"widget\" data-settings=\"{&quot;_animation&quot;:&quot;slideInRight&quot;}\" data-widget_type=\"image.default\">\n\t\t\t\t<div class=\"elementor-widget-container\">\n\t\t\t\t\t\t\t\t\t\t\t\t\t\t\t<img fetchpriority=\"high\" decoding=\"async\" width=\"849\" height=\"565\" src=\"https:\/\/iconnectchildrenfamily.com\/wp-content\/uploads\/2022\/08\/3.jpg\" class=\"attachment-large size-large wp-image-1336\" alt=\"\" srcset=\"https:\/\/iconnectchildrenfamily.com\/wp-content\/uploads\/2022\/08\/3.jpg 849w, https:\/\/iconnectchildrenfamily.com\/wp-content\/uploads\/2022\/08\/3-300x200.jpg 300w, https:\/\/iconnectchildrenfamily.com\/wp-content\/uploads\/2022\/08\/3-768x511.jpg 768w, https:\/\/iconnectchildrenfamily.com\/wp-content\/uploads\/2022\/08\/3-806x536.jpg 806w, https:\/\/iconnectchildrenfamily.com\/wp-content\/uploads\/2022\/08\/3-558x371.jpg 558w, https:\/\/iconnectchildrenfamily.com\/wp-content\/uploads\/2022\/08\/3-655x436.jpg 655w\" sizes=\"(max-width: 849px) 100vw, 849px\" \/>\t\t\t\t\t\t\t\t\t\t\t\t\t\t\t<\/div>\n\t\t\t\t<\/div>\n\t\t\t\t\t<\/div>\n\t\t<\/div>\n\t\t\t\t\t<\/div>\n\t\t<\/section>\n\t\t\t\t<section class=\"elementor-section elementor-top-section elementor-element elementor-element-3f1d6500 elementor-section-boxed elementor-section-height-default elementor-section-height-default\" data-id=\"3f1d6500\" data-element_type=\"section\" data-e-type=\"section\">\n\t\t\t\t\t\t<div class=\"elementor-container elementor-column-gap-default\">\n\t\t\t\t\t<div class=\"elementor-column elementor-col-50 elementor-top-column elementor-element elementor-element-5c114de1\" data-id=\"5c114de1\" data-element_type=\"column\" data-e-type=\"column\">\n\t\t\t<div class=\"elementor-widget-wrap elementor-element-populated\">\n\t\t\t\t\t\t<div class=\"elementor-element elementor-element-41724e6b elementor-invisible elementor-widget elementor-widget-image\" data-id=\"41724e6b\" data-element_type=\"widget\" data-e-type=\"widget\" data-settings=\"{&quot;_animation&quot;:&quot;slideInLeft&quot;}\" data-widget_type=\"image.default\">\n\t\t\t\t<div class=\"elementor-widget-container\">\n\t\t\t\t\t\t\t\t\t\t\t\t\t\t\t<img decoding=\"async\" width=\"945\" height=\"629\" src=\"https:\/\/iconnectchildrenfamily.com\/wp-content\/uploads\/2022\/08\/8-1024x682.jpg\" class=\"attachment-large size-large wp-image-1343\" alt=\"\" srcset=\"https:\/\/iconnectchildrenfamily.com\/wp-content\/uploads\/2022\/08\/8-1024x682.jpg 1024w, https:\/\/iconnectchildrenfamily.com\/wp-content\/uploads\/2022\/08\/8-300x200.jpg 300w, https:\/\/iconnectchildrenfamily.com\/wp-content\/uploads\/2022\/08\/8-768x512.jpg 768w, https:\/\/iconnectchildrenfamily.com\/wp-content\/uploads\/2022\/08\/8-1116x744.jpg 1116w, https:\/\/iconnectchildrenfamily.com\/wp-content\/uploads\/2022\/08\/8-806x537.jpg 806w, https:\/\/iconnectchildrenfamily.com\/wp-content\/uploads\/2022\/08\/8-558x372.jpg 558w, https:\/\/iconnectchildrenfamily.com\/wp-content\/uploads\/2022\/08\/8-655x437.jpg 655w, https:\/\/iconnectchildrenfamily.com\/wp-content\/uploads\/2022\/08\/8.jpg 1400w\" sizes=\"(max-width: 945px) 100vw, 945px\" \/>\t\t\t\t\t\t\t\t\t\t\t\t\t\t\t<\/div>\n\t\t\t\t<\/div>\n\t\t\t\t\t<\/div>\n\t\t<\/div>\n\t\t\t\t<div class=\"elementor-column elementor-col-50 elementor-top-column elementor-element elementor-element-6fa16061\" data-id=\"6fa16061\" data-element_type=\"column\" data-e-type=\"column\">\n\t\t\t<div class=\"elementor-widget-wrap elementor-element-populated\">\n\t\t\t\t\t\t<div class=\"elementor-element elementor-element-67afc528 elementor-invisible elementor-widget elementor-widget-heading\" data-id=\"67afc528\" data-element_type=\"widget\" data-e-type=\"widget\" data-settings=\"{&quot;_animation&quot;:&quot;slideInRight&quot;}\" data-widget_type=\"heading.default\">\n\t\t\t\t<div class=\"elementor-widget-container\">\n\t\t\t\t\t<h2 class=\"elementor-heading-title elementor-size-default\">Notre vision<\/h2>\t\t\t\t<\/div>\n\t\t\t\t<\/div>\n\t\t\t\t<div class=\"elementor-element elementor-element-65971f3a elementor-invisible elementor-widget elementor-widget-text-editor\" data-id=\"65971f3a\" data-element_type=\"widget\" data-e-type=\"widget\" data-settings=\"{&quot;_animation&quot;:&quot;slideInUp&quot;}\" data-widget_type=\"text-editor.default\">\n\t\t\t\t<div class=\"elementor-widget-container\">\n\t\t\t\t\t\t\t\t\t<p>&#8221;<strong>IConnect Children Family<\/strong> &#8221; est une entreprise de type Mega Empire fond\u00e9e sur des principes bibliques et des pri\u00e8res. Nous croyons au soutien de la famille, nous croyons \u00e0 la connaissance parce qu&#8217;elle vient de Dieu, nous croyons aux relations fid\u00e8les ainsi qu&#8217;\u00e0 l&#8217;interaction sociale. Nous croyons en la promotion de la culture ha\u00eftienne, de la cuisine cr\u00e9ole \u00e0 l&#8217;\u00e9chelle mondiale en tant que creuset multiculturel. Nous sommes l\u00e0 pour soutenir les enfants, travailler avec les adultes \u00e0 travers leurs talents. Nous croyons qu&#8217;il faut soutenir et aider les jeunes femmes en pleine croissance et les former pour un avenir meilleur. Nous encourageons les entreprises et investissons dans la technologie et la cr\u00e9ativit\u00e9. Notre mandat est de fournir une aide globale par l&#8217;interm\u00e9diaire de notre fondation, en aidant les familles dans le besoin et plus pr\u00e9cis\u00e9ment lors de catastrophes naturelles. Nous promouvons l&#8217;excellence et la perfection de l&#8217;amour \u00e0 la gloire de Dieu.<\/p>\t\t\t\t\t\t\t\t<\/div>\n\t\t\t\t<\/div>\n\t\t\t\t\t<\/div>\n\t\t<\/div>\n\t\t\t\t\t<\/div>\n\t\t<\/section>\n\t\t\t\t<section class=\"elementor-section elementor-top-section elementor-element elementor-element-c26abda elementor-section-boxed elementor-section-height-default elementor-section-height-default\" data-id=\"c26abda\" data-element_type=\"section\" data-e-type=\"section\">\n\t\t\t\t\t\t<div class=\"elementor-container elementor-column-gap-default\">\n\t\t\t\t\t<div class=\"elementor-column elementor-col-50 elementor-top-column elementor-element elementor-element-73629dd\" data-id=\"73629dd\" data-element_type=\"column\" data-e-type=\"column\">\n\t\t\t<div class=\"elementor-widget-wrap elementor-element-populated\">\n\t\t\t\t\t\t<div class=\"elementor-element elementor-element-7aea8b9f elementor-invisible elementor-widget elementor-widget-heading\" data-id=\"7aea8b9f\" data-element_type=\"widget\" data-e-type=\"widget\" data-settings=\"{&quot;_animation&quot;:&quot;slideInLeft&quot;}\" data-widget_type=\"heading.default\">\n\t\t\t\t<div class=\"elementor-widget-container\">\n\t\t\t\t\t<h2 class=\"elementor-heading-title elementor-size-default\">Nos valeurs<\/h2>\t\t\t\t<\/div>\n\t\t\t\t<\/div>\n\t\t\t\t<div class=\"elementor-element elementor-element-3105dd92 elementor-invisible elementor-widget elementor-widget-text-editor\" data-id=\"3105dd92\" data-element_type=\"widget\" data-e-type=\"widget\" data-settings=\"{&quot;_animation&quot;:&quot;slideInUp&quot;}\" data-widget_type=\"text-editor.default\">\n\t\t\t\t<div class=\"elementor-widget-container\">\n\t\t\t\t\t\t\t\t\t<p>Notre grande famille &#8221;<strong>I Connect Children Family<\/strong>&#8221; est une m\u00e9ga entreprise qui est fond\u00e9e sur des principes bibliques avec foi et confiance pour que les gens passent toujours en premier. La confiance, l&#8217;honn\u00eatet\u00e9, l&#8217;int\u00e9grit\u00e9, le respect, le professionnalisme, le courage et l&#8217;amour sont ce qui fait de l&#8217;entreprise ce qu&#8217;elle est aujourd&#8217;hui et pour l&#8217;\u00e9ternit\u00e9. La sagesse, la cr\u00e9ativit\u00e9, la connaissance et l&#8217;intelligence nous aideront \u00e0 attirer parmi nous les meilleures personnes du monde entier, ainsi que la cr\u00e9dibilit\u00e9 n\u00e9cessaire pour d\u00e9fendre la v\u00e9rit\u00e9 dans le monde entier.<\/p>\t\t\t\t\t\t\t\t<\/div>\n\t\t\t\t<\/div>\n\t\t\t\t\t<\/div>\n\t\t<\/div>\n\t\t\t\t<div class=\"elementor-column elementor-col-50 elementor-top-column elementor-element elementor-element-7f805947\" data-id=\"7f805947\" data-element_type=\"column\" data-e-type=\"column\">\n\t\t\t<div class=\"elementor-widget-wrap elementor-element-populated\">\n\t\t\t\t\t\t<div class=\"elementor-element elementor-element-75eff3e2 elementor-invisible elementor-widget elementor-widget-image\" data-id=\"75eff3e2\" data-element_type=\"widget\" data-e-type=\"widget\" data-settings=\"{&quot;_animation&quot;:&quot;slideInRight&quot;}\" data-widget_type=\"image.default\">\n\t\t\t\t<div class=\"elementor-widget-container\">\n\t\t\t\t\t\t\t\t\t\t\t\t\t\t\t<img decoding=\"async\" width=\"945\" height=\"628\" src=\"https:\/\/iconnectchildrenfamily.com\/wp-content\/uploads\/2022\/08\/cdc-UqTrGSohyCs-unsplash-1024x681.jpg\" class=\"attachment-large size-large wp-image-1318\" alt=\"\" srcset=\"https:\/\/iconnectchildrenfamily.com\/wp-content\/uploads\/2022\/08\/cdc-UqTrGSohyCs-unsplash-1024x681.jpg 1024w, https:\/\/iconnectchildrenfamily.com\/wp-content\/uploads\/2022\/08\/cdc-UqTrGSohyCs-unsplash-300x200.jpg 300w, https:\/\/iconnectchildrenfamily.com\/wp-content\/uploads\/2022\/08\/cdc-UqTrGSohyCs-unsplash-768x511.jpg 768w, https:\/\/iconnectchildrenfamily.com\/wp-content\/uploads\/2022\/08\/cdc-UqTrGSohyCs-unsplash-1536x1022.jpg 1536w, https:\/\/iconnectchildrenfamily.com\/wp-content\/uploads\/2022\/08\/cdc-UqTrGSohyCs-unsplash-2048x1363.jpg 2048w, https:\/\/iconnectchildrenfamily.com\/wp-content\/uploads\/2022\/08\/cdc-UqTrGSohyCs-unsplash-1612x1073.jpg 1612w, https:\/\/iconnectchildrenfamily.com\/wp-content\/uploads\/2022\/08\/cdc-UqTrGSohyCs-unsplash-1116x743.jpg 1116w, https:\/\/iconnectchildrenfamily.com\/wp-content\/uploads\/2022\/08\/cdc-UqTrGSohyCs-unsplash-806x536.jpg 806w, https:\/\/iconnectchildrenfamily.com\/wp-content\/uploads\/2022\/08\/cdc-UqTrGSohyCs-unsplash-558x371.jpg 558w, https:\/\/iconnectchildrenfamily.com\/wp-content\/uploads\/2022\/08\/cdc-UqTrGSohyCs-unsplash-655x436.jpg 655w\" sizes=\"(max-width: 945px) 100vw, 945px\" \/>\t\t\t\t\t\t\t\t\t\t\t\t\t\t\t<\/div>\n\t\t\t\t<\/div>\n\t\t\t\t\t<\/div>\n\t\t<\/div>\n\t\t\t\t\t<\/div>\n\t\t<\/section>\n\t\t\t\t<section class=\"elementor-section elementor-top-section elementor-element elementor-element-14196e2d elementor-section-boxed elementor-section-height-default elementor-section-height-default\" data-id=\"14196e2d\" data-element_type=\"section\" data-e-type=\"section\">\n\t\t\t\t\t\t<div class=\"elementor-container elementor-column-gap-default\">\n\t\t\t\t\t<div class=\"elementor-column elementor-col-100 elementor-top-column elementor-element elementor-element-f04a679\" data-id=\"f04a679\" data-element_type=\"column\" data-e-type=\"column\">\n\t\t\t<div class=\"elementor-widget-wrap\">\n\t\t\t\t\t\t\t<\/div>\n\t\t<\/div>\n\t\t\t\t\t<\/div>\n\t\t<\/section>\n\t\t\t\t<\/div>\n\t\t","protected":false},"excerpt":{"rendered":"<p>Notre mission Notre mission est d&#8217;aider et d&#8217;unir les familles bris\u00e9es financi\u00e8rement, socialement, pour qu&#8217;elles croient \u00e0 nouveau en leur avenir qu&#8217;elles ont d\u00e9sesp\u00e9r\u00e9, r\u00eav\u00e9 et cru. Donner la parole aux plus d\u00e9munis qui n&#8217;ont pas acc\u00e8s \u00e0 l&#8217;enseignement sup\u00e9rieur pour qu&#8217;ils puissent exercer leur libert\u00e9 et dire ce qu&#8217;ils pensent librement. Soutenez-les et faites-leur&hellip;<\/p>\n","protected":false},"author":1,"featured_media":0,"parent":0,"menu_order":0,"comment_status":"closed","ping_status":"closed","template":"","meta":{"_acf_changed":false,"nf_dc_page":"","footnotes":""},"class_list":["post-2242","page","type-page","status-publish","hentry"],"acf":[],"_links":{"self":[{"href":"https:\/\/iconnectchildrenfamily.com\/fr\/wp-json\/wp\/v2\/pages\/2242","targetHints":{"allow":["GET"]}}],"collection":[{"href":"https:\/\/iconnectchildrenfamily.com\/fr\/wp-json\/wp\/v2\/pages"}],"about":[{"href":"https:\/\/iconnectchildrenfamily.com\/fr\/wp-json\/wp\/v2\/types\/page"}],"author":[{"embeddable":true,"href":"https:\/\/iconnectchildrenfamily.com\/fr\/wp-json\/wp\/v2\/users\/1"}],"replies":[{"embeddable":true,"href":"https:\/\/iconnectchildrenfamily.com\/fr\/wp-json\/wp\/v2\/comments?post=2242"}],"version-history":[{"count":6,"href":"https:\/\/iconnectchildrenfamily.com\/fr\/wp-json\/wp\/v2\/pages\/2242\/revisions"}],"predecessor-version":[{"id":6242,"href":"https:\/\/iconnectchildrenfamily.com\/fr\/wp-json\/wp\/v2\/pages\/2242\/revisions\/6242"}],"wp:attachment":[{"href":"https:\/\/iconnectchildrenfamily.com\/fr\/wp-json\/wp\/v2\/media?parent=2242"}],"curies":[{"name":"wp","href":"https:\/\/api.w.org\/{rel}","templated":true}]}}