{"id":3499,"date":"2023-01-23T10:25:09","date_gmt":"2023-01-23T10:25:09","guid":{"rendered":"https:\/\/iconnectchildrenfamily.com\/sobre\/"},"modified":"2026-02-14T17:27:29","modified_gmt":"2026-02-14T17:27:29","slug":"sobre","status":"publish","type":"page","link":"https:\/\/iconnectchildrenfamily.com\/pt-br\/sobre\/","title":{"rendered":"Sobre"},"content":{"rendered":"\t\t<div data-elementor-type=\"wp-page\" data-elementor-id=\"3499\" class=\"elementor elementor-3499 elementor-2240\" data-elementor-post-type=\"page\">\n\t\t\t\t\t\t<section class=\"elementor-section elementor-top-section elementor-element elementor-element-38f125ad elementor-section-boxed elementor-section-height-default elementor-section-height-default\" data-id=\"38f125ad\" data-element_type=\"section\" data-e-type=\"section\" data-settings=\"{&quot;background_background&quot;:&quot;classic&quot;}\">\n\t\t\t\t\t\t\t<div class=\"elementor-background-overlay\"><\/div>\n\t\t\t\t\t\t\t<div class=\"elementor-container elementor-column-gap-default\">\n\t\t\t\t\t<div class=\"elementor-column elementor-col-100 elementor-top-column elementor-element elementor-element-861bc53\" data-id=\"861bc53\" data-element_type=\"column\" data-e-type=\"column\">\n\t\t\t<div class=\"elementor-widget-wrap\">\n\t\t\t\t\t\t\t<\/div>\n\t\t<\/div>\n\t\t\t\t\t<\/div>\n\t\t<\/section>\n\t\t\t\t<section class=\"elementor-section elementor-top-section elementor-element elementor-element-43ad45b3 elementor-section-boxed elementor-section-height-default elementor-section-height-default\" data-id=\"43ad45b3\" data-element_type=\"section\" data-e-type=\"section\">\n\t\t\t\t\t\t<div class=\"elementor-container elementor-column-gap-default\">\n\t\t\t\t\t<div class=\"elementor-column elementor-col-50 elementor-top-column elementor-element elementor-element-79513cad\" data-id=\"79513cad\" data-element_type=\"column\" data-e-type=\"column\">\n\t\t\t<div class=\"elementor-widget-wrap elementor-element-populated\">\n\t\t\t\t\t\t<div class=\"elementor-element elementor-element-347015a4 elementor-invisible elementor-widget elementor-widget-heading\" data-id=\"347015a4\" data-element_type=\"widget\" data-e-type=\"widget\" data-settings=\"{&quot;_animation&quot;:&quot;slideInDown&quot;}\" data-widget_type=\"heading.default\">\n\t\t\t\t<div class=\"elementor-widget-container\">\n\t\t\t\t\t<h2 class=\"elementor-heading-title elementor-size-default\">Nossa miss\u00e3o<\/h2>\t\t\t\t<\/div>\n\t\t\t\t<\/div>\n\t\t\t\t<div class=\"elementor-element elementor-element-47f8b09 elementor-invisible elementor-widget elementor-widget-text-editor\" data-id=\"47f8b09\" data-element_type=\"widget\" data-e-type=\"widget\" data-settings=\"{&quot;_animation&quot;:&quot;slideInLeft&quot;}\" data-widget_type=\"text-editor.default\">\n\t\t\t\t<div class=\"elementor-widget-container\">\n\t\t\t\t\t\t\t\t\t<p>Nossa miss\u00e3o \u00e9 ajudar e unir financeiramente as fam\u00edlias desestruturadas, socialmente, para que voltem a acreditar em seu futuro, pois elas estavam desesperadas, sonhavam e acreditavam. D\u00ea voz aos menos afortunados que n\u00e3o t\u00eam acesso a uma educa\u00e7\u00e3o superior para que possam exercer sua liberdade e falar o que pensam livremente. Apoie e fa\u00e7a com que eles sintam que fazem parte da sociedade como direitos concedidos por Deus. Devemos promover a cultura haitiana, a culin\u00e1ria crioula globalmente como um caldeir\u00e3o multicultural. Forneceremos todas as ferramentas necess\u00e1rias para as crian\u00e7as, trabalharemos com adultos por meio de seus talentos, bem como apoiaremos e ajudaremos os jovens e as mo\u00e7as em crescimento para um futuro melhor.<\/p>\t\t\t\t\t\t\t\t<\/div>\n\t\t\t\t<\/div>\n\t\t\t\t\t<\/div>\n\t\t<\/div>\n\t\t\t\t<div class=\"elementor-column elementor-col-50 elementor-top-column elementor-element elementor-element-41b489f\" data-id=\"41b489f\" data-element_type=\"column\" data-e-type=\"column\">\n\t\t\t<div class=\"elementor-widget-wrap elementor-element-populated\">\n\t\t\t\t\t\t<div class=\"elementor-element elementor-element-27f6fb3b elementor-invisible elementor-widget elementor-widget-image\" data-id=\"27f6fb3b\" data-element_type=\"widget\" data-e-type=\"widget\" data-settings=\"{&quot;_animation&quot;:&quot;slideInRight&quot;}\" data-widget_type=\"image.default\">\n\t\t\t\t<div class=\"elementor-widget-container\">\n\t\t\t\t\t\t\t\t\t\t\t\t\t\t\t<img fetchpriority=\"high\" decoding=\"async\" width=\"849\" height=\"565\" src=\"https:\/\/iconnectchildrenfamily.com\/wp-content\/uploads\/2022\/08\/3.jpg\" class=\"attachment-large size-large wp-image-384\" alt=\"\" srcset=\"https:\/\/iconnectchildrenfamily.com\/wp-content\/uploads\/2022\/08\/3.jpg 849w, https:\/\/iconnectchildrenfamily.com\/wp-content\/uploads\/2022\/08\/3-300x200.jpg 300w, https:\/\/iconnectchildrenfamily.com\/wp-content\/uploads\/2022\/08\/3-768x511.jpg 768w, https:\/\/iconnectchildrenfamily.com\/wp-content\/uploads\/2022\/08\/3-806x536.jpg 806w, https:\/\/iconnectchildrenfamily.com\/wp-content\/uploads\/2022\/08\/3-558x371.jpg 558w, https:\/\/iconnectchildrenfamily.com\/wp-content\/uploads\/2022\/08\/3-655x436.jpg 655w\" sizes=\"(max-width: 849px) 100vw, 849px\" \/>\t\t\t\t\t\t\t\t\t\t\t\t\t\t\t<\/div>\n\t\t\t\t<\/div>\n\t\t\t\t\t<\/div>\n\t\t<\/div>\n\t\t\t\t\t<\/div>\n\t\t<\/section>\n\t\t\t\t<section class=\"elementor-section elementor-top-section elementor-element elementor-element-3f1d6500 elementor-section-boxed elementor-section-height-default elementor-section-height-default\" data-id=\"3f1d6500\" data-element_type=\"section\" data-e-type=\"section\">\n\t\t\t\t\t\t<div class=\"elementor-container elementor-column-gap-default\">\n\t\t\t\t\t<div class=\"elementor-column elementor-col-50 elementor-top-column elementor-element elementor-element-5c114de1\" data-id=\"5c114de1\" data-element_type=\"column\" data-e-type=\"column\">\n\t\t\t<div class=\"elementor-widget-wrap elementor-element-populated\">\n\t\t\t\t\t\t<div class=\"elementor-element elementor-element-41724e6b elementor-invisible elementor-widget elementor-widget-image\" data-id=\"41724e6b\" data-element_type=\"widget\" data-e-type=\"widget\" data-settings=\"{&quot;_animation&quot;:&quot;slideInLeft&quot;}\" data-widget_type=\"image.default\">\n\t\t\t\t<div class=\"elementor-widget-container\">\n\t\t\t\t\t\t\t\t\t\t\t\t\t\t\t<img decoding=\"async\" width=\"945\" height=\"629\" src=\"https:\/\/iconnectchildrenfamily.com\/wp-content\/uploads\/2022\/08\/8-1024x682.jpg\" class=\"attachment-large size-large wp-image-407\" alt=\"\" srcset=\"https:\/\/iconnectchildrenfamily.com\/wp-content\/uploads\/2022\/08\/8-1024x682.jpg 1024w, https:\/\/iconnectchildrenfamily.com\/wp-content\/uploads\/2022\/08\/8-300x200.jpg 300w, https:\/\/iconnectchildrenfamily.com\/wp-content\/uploads\/2022\/08\/8-768x512.jpg 768w, https:\/\/iconnectchildrenfamily.com\/wp-content\/uploads\/2022\/08\/8-1116x744.jpg 1116w, https:\/\/iconnectchildrenfamily.com\/wp-content\/uploads\/2022\/08\/8-806x537.jpg 806w, https:\/\/iconnectchildrenfamily.com\/wp-content\/uploads\/2022\/08\/8-558x372.jpg 558w, https:\/\/iconnectchildrenfamily.com\/wp-content\/uploads\/2022\/08\/8-655x437.jpg 655w, https:\/\/iconnectchildrenfamily.com\/wp-content\/uploads\/2022\/08\/8.jpg 1400w\" sizes=\"(max-width: 945px) 100vw, 945px\" \/>\t\t\t\t\t\t\t\t\t\t\t\t\t\t\t<\/div>\n\t\t\t\t<\/div>\n\t\t\t\t\t<\/div>\n\t\t<\/div>\n\t\t\t\t<div class=\"elementor-column elementor-col-50 elementor-top-column elementor-element elementor-element-6fa16061\" data-id=\"6fa16061\" data-element_type=\"column\" data-e-type=\"column\">\n\t\t\t<div class=\"elementor-widget-wrap elementor-element-populated\">\n\t\t\t\t\t\t<div class=\"elementor-element elementor-element-67afc528 elementor-invisible elementor-widget elementor-widget-heading\" data-id=\"67afc528\" data-element_type=\"widget\" data-e-type=\"widget\" data-settings=\"{&quot;_animation&quot;:&quot;slideInRight&quot;}\" data-widget_type=\"heading.default\">\n\t\t\t\t<div class=\"elementor-widget-container\">\n\t\t\t\t\t<h2 class=\"elementor-heading-title elementor-size-default\">Nossa vis\u00e3o<\/h2>\t\t\t\t<\/div>\n\t\t\t\t<\/div>\n\t\t\t\t<div class=\"elementor-element elementor-element-65971f3a elementor-invisible elementor-widget elementor-widget-text-editor\" data-id=\"65971f3a\" data-element_type=\"widget\" data-e-type=\"widget\" data-settings=\"{&quot;_animation&quot;:&quot;slideInUp&quot;}\" data-widget_type=\"text-editor.default\">\n\t\t\t\t<div class=\"elementor-widget-container\">\n\t\t\t\t\t\t\t\t\t<p>&#8221; <strong>A IConnect Children Family<\/strong> &#8221; \u00e9 uma empresa do Mega Empire fundada em princ\u00edpios b\u00edblicos e ora\u00e7\u00f5es. Acreditamos no apoio \u00e0 fam\u00edlia, acreditamos no conhecimento porque ele vem de Deus, acreditamos em relacionamentos fi\u00e9is e na intera\u00e7\u00e3o social. Acreditamos na promo\u00e7\u00e3o da cultura haitiana e da culin\u00e1ria crioula globalmente como caldeir\u00f5es multiculturais. Estamos aqui para apoiar crian\u00e7as e trabalhar com adultos por meio de seus talentos. Acreditamos em apoiar e ajudar as jovens em crescimento e trein\u00e1-las para um futuro melhor. Promovemos neg\u00f3cios e investimos em tecnologia e criatividade. Nosso mandato \u00e9 fornecer ajuda globalmente por meio de nossa funda\u00e7\u00e3o, ajudando fam\u00edlias em necessidade desesperada e, mais precisamente, em desastres naturais. Promovemos a excel\u00eancia e a perfei\u00e7\u00e3o do amor para a Gl\u00f3ria de Deus.<\/p>\t\t\t\t\t\t\t\t<\/div>\n\t\t\t\t<\/div>\n\t\t\t\t\t<\/div>\n\t\t<\/div>\n\t\t\t\t\t<\/div>\n\t\t<\/section>\n\t\t\t\t<section class=\"elementor-section elementor-top-section elementor-element elementor-element-c26abda elementor-section-boxed elementor-section-height-default elementor-section-height-default\" data-id=\"c26abda\" data-element_type=\"section\" data-e-type=\"section\">\n\t\t\t\t\t\t<div class=\"elementor-container elementor-column-gap-default\">\n\t\t\t\t\t<div class=\"elementor-column elementor-col-50 elementor-top-column elementor-element elementor-element-73629dd\" data-id=\"73629dd\" data-element_type=\"column\" data-e-type=\"column\">\n\t\t\t<div class=\"elementor-widget-wrap elementor-element-populated\">\n\t\t\t\t\t\t<div class=\"elementor-element elementor-element-7aea8b9f elementor-invisible elementor-widget elementor-widget-heading\" data-id=\"7aea8b9f\" data-element_type=\"widget\" data-e-type=\"widget\" data-settings=\"{&quot;_animation&quot;:&quot;slideInLeft&quot;}\" data-widget_type=\"heading.default\">\n\t\t\t\t<div class=\"elementor-widget-container\">\n\t\t\t\t\t<h2 class=\"elementor-heading-title elementor-size-default\">Nossos valores<\/h2>\t\t\t\t<\/div>\n\t\t\t\t<\/div>\n\t\t\t\t<div class=\"elementor-element elementor-element-3105dd92 elementor-invisible elementor-widget elementor-widget-text-editor\" data-id=\"3105dd92\" data-element_type=\"widget\" data-e-type=\"widget\" data-settings=\"{&quot;_animation&quot;:&quot;slideInUp&quot;}\" data-widget_type=\"text-editor.default\">\n\t\t\t\t<div class=\"elementor-widget-container\">\n\t\t\t\t\t\t\t\t\t<p>Nossa grande fam\u00edlia &#8221; <strong>I Connect Children Family<\/strong>&#8221; \u00e9 uma megaempresa que se baseia em princ\u00edpios b\u00edblicos com f\u00e9 e confian\u00e7a para que as pessoas estejam sempre em primeiro lugar. Confian\u00e7a, honestidade, integridade, respeito, profissionalismo, coragem e amor s\u00e3o o que fazem da empresa o que somos hoje e sempre. A sabedoria, a criatividade, o conhecimento e a intelig\u00eancia ajudar\u00e3o a trazer para o meio de n\u00f3s as melhores pessoas do mundo, bem como a credibilidade que representa a verdade para todos globalmente.<\/p>\t\t\t\t\t\t\t\t<\/div>\n\t\t\t\t<\/div>\n\t\t\t\t\t<\/div>\n\t\t<\/div>\n\t\t\t\t<div class=\"elementor-column elementor-col-50 elementor-top-column elementor-element elementor-element-7f805947\" data-id=\"7f805947\" data-element_type=\"column\" data-e-type=\"column\">\n\t\t\t<div class=\"elementor-widget-wrap elementor-element-populated\">\n\t\t\t\t\t\t<div class=\"elementor-element elementor-element-75eff3e2 elementor-invisible elementor-widget elementor-widget-image\" data-id=\"75eff3e2\" data-element_type=\"widget\" data-e-type=\"widget\" data-settings=\"{&quot;_animation&quot;:&quot;slideInRight&quot;}\" data-widget_type=\"image.default\">\n\t\t\t\t<div class=\"elementor-widget-container\">\n\t\t\t\t\t\t\t\t\t\t\t\t\t\t\t<img decoding=\"async\" width=\"945\" height=\"628\" src=\"https:\/\/iconnectchildrenfamily.com\/wp-content\/uploads\/2022\/08\/cdc-UqTrGSohyCs-unsplash-1024x681.jpg\" class=\"attachment-large size-large wp-image-3149\" alt=\"\" srcset=\"https:\/\/iconnectchildrenfamily.com\/wp-content\/uploads\/2022\/08\/cdc-UqTrGSohyCs-unsplash-1024x681.jpg 1024w, https:\/\/iconnectchildrenfamily.com\/wp-content\/uploads\/2022\/08\/cdc-UqTrGSohyCs-unsplash-300x200.jpg 300w, https:\/\/iconnectchildrenfamily.com\/wp-content\/uploads\/2022\/08\/cdc-UqTrGSohyCs-unsplash-768x511.jpg 768w, https:\/\/iconnectchildrenfamily.com\/wp-content\/uploads\/2022\/08\/cdc-UqTrGSohyCs-unsplash-1536x1022.jpg 1536w, https:\/\/iconnectchildrenfamily.com\/wp-content\/uploads\/2022\/08\/cdc-UqTrGSohyCs-unsplash-2048x1363.jpg 2048w, https:\/\/iconnectchildrenfamily.com\/wp-content\/uploads\/2022\/08\/cdc-UqTrGSohyCs-unsplash-1612x1073.jpg 1612w, https:\/\/iconnectchildrenfamily.com\/wp-content\/uploads\/2022\/08\/cdc-UqTrGSohyCs-unsplash-1116x743.jpg 1116w, https:\/\/iconnectchildrenfamily.com\/wp-content\/uploads\/2022\/08\/cdc-UqTrGSohyCs-unsplash-806x536.jpg 806w, https:\/\/iconnectchildrenfamily.com\/wp-content\/uploads\/2022\/08\/cdc-UqTrGSohyCs-unsplash-558x371.jpg 558w, https:\/\/iconnectchildrenfamily.com\/wp-content\/uploads\/2022\/08\/cdc-UqTrGSohyCs-unsplash-655x436.jpg 655w\" sizes=\"(max-width: 945px) 100vw, 945px\" \/>\t\t\t\t\t\t\t\t\t\t\t\t\t\t\t<\/div>\n\t\t\t\t<\/div>\n\t\t\t\t\t<\/div>\n\t\t<\/div>\n\t\t\t\t\t<\/div>\n\t\t<\/section>\n\t\t\t\t<section class=\"elementor-section elementor-top-section elementor-element elementor-element-14196e2d elementor-section-boxed elementor-section-height-default elementor-section-height-default\" data-id=\"14196e2d\" data-element_type=\"section\" data-e-type=\"section\">\n\t\t\t\t\t\t<div class=\"elementor-container elementor-column-gap-default\">\n\t\t\t\t\t<div class=\"elementor-column elementor-col-100 elementor-top-column elementor-element elementor-element-f04a679\" data-id=\"f04a679\" data-element_type=\"column\" data-e-type=\"column\">\n\t\t\t<div class=\"elementor-widget-wrap\">\n\t\t\t\t\t\t\t<\/div>\n\t\t<\/div>\n\t\t\t\t\t<\/div>\n\t\t<\/section>\n\t\t\t\t<\/div>\n\t\t","protected":false},"excerpt":{"rendered":"<p>Nossa miss\u00e3o Nossa miss\u00e3o \u00e9 ajudar e unir financeiramente as fam\u00edlias desestruturadas, socialmente, para que voltem a acreditar em seu futuro, pois elas estavam desesperadas, sonhavam e acreditavam. D\u00ea voz aos menos afortunados que n\u00e3o t\u00eam acesso a uma educa\u00e7\u00e3o superior para que possam exercer sua liberdade e falar o que pensam livremente. Apoie e&hellip;<\/p>\n","protected":false},"author":1,"featured_media":0,"parent":0,"menu_order":0,"comment_status":"closed","ping_status":"closed","template":"","meta":{"_acf_changed":false,"nf_dc_page":"","footnotes":""},"class_list":["post-3499","page","type-page","status-publish","hentry"],"acf":[],"_links":{"self":[{"href":"https:\/\/iconnectchildrenfamily.com\/pt-br\/wp-json\/wp\/v2\/pages\/3499","targetHints":{"allow":["GET"]}}],"collection":[{"href":"https:\/\/iconnectchildrenfamily.com\/pt-br\/wp-json\/wp\/v2\/pages"}],"about":[{"href":"https:\/\/iconnectchildrenfamily.com\/pt-br\/wp-json\/wp\/v2\/types\/page"}],"author":[{"embeddable":true,"href":"https:\/\/iconnectchildrenfamily.com\/pt-br\/wp-json\/wp\/v2\/users\/1"}],"replies":[{"embeddable":true,"href":"https:\/\/iconnectchildrenfamily.com\/pt-br\/wp-json\/wp\/v2\/comments?post=3499"}],"version-history":[{"count":5,"href":"https:\/\/iconnectchildrenfamily.com\/pt-br\/wp-json\/wp\/v2\/pages\/3499\/revisions"}],"predecessor-version":[{"id":6236,"href":"https:\/\/iconnectchildrenfamily.com\/pt-br\/wp-json\/wp\/v2\/pages\/3499\/revisions\/6236"}],"wp:attachment":[{"href":"https:\/\/iconnectchildrenfamily.com\/pt-br\/wp-json\/wp\/v2\/media?parent=3499"}],"curies":[{"name":"wp","href":"https:\/\/api.w.org\/{rel}","templated":true}]}}